{"id":29432,"date":"2023-04-18T09:47:13","date_gmt":"2023-04-18T07:47:13","guid":{"rendered":"https:\/\/funiparts.ch\/?page_id=29432"},"modified":"2023-07-24T14:39:45","modified_gmt":"2023-07-24T12:39:45","slug":"a-propos","status":"publish","type":"page","link":"https:\/\/funiparts.ch\/fr\/a-propos\/","title":{"rendered":"\u00c0 propos"},"content":{"rendered":"\t\t<div data-elementor-type=\"wp-page\" data-elementor-id=\"29432\" class=\"elementor elementor-29432\" data-elementor-post-type=\"page\">\n\t\t\t\t\t\t<section class=\"elementor-section elementor-top-section elementor-element elementor-element-277370b elementor-section-full_width elementor-section-height-default elementor-section-height-default\" data-id=\"277370b\" data-element_type=\"section\" data-e-type=\"section\">\n\t\t\t\t\t\t<div class=\"elementor-container elementor-column-gap-default\">\n\t\t\t\t\t<div class=\"elementor-column elementor-col-100 elementor-top-column elementor-element elementor-element-604bfe8\" data-id=\"604bfe8\" data-element_type=\"column\" data-e-type=\"column\">\n\t\t\t<div class=\"elementor-widget-wrap elementor-element-populated\">\n\t\t\t\t\t\t<div class=\"elementor-element elementor-element-13fd662 elementor-widget elementor-widget-heading\" data-id=\"13fd662\" data-element_type=\"widget\" data-e-type=\"widget\" data-widget_type=\"heading.default\">\n\t\t\t\t<div class=\"elementor-widget-container\">\n\t\t\t\t\t<h2 class=\"elementor-heading-title elementor-size-default\">\u2022 \u00c0 propos \u2022<\/h2>\t\t\t\t<\/div>\n\t\t\t\t<\/div>\n\t\t\t\t\t<\/div>\n\t\t<\/div>\n\t\t\t\t\t<\/div>\n\t\t<\/section>\n\t\t\t\t<section class=\"elementor-section elementor-top-section elementor-element elementor-element-1e90adf elementor-section-full_width elementor-section-height-default elementor-section-height-default\" data-id=\"1e90adf\" data-element_type=\"section\" data-e-type=\"section\">\n\t\t\t\t\t\t<div class=\"elementor-container elementor-column-gap-default\">\n\t\t\t\t\t<div class=\"elementor-column elementor-col-100 elementor-top-column elementor-element elementor-element-01447a8\" data-id=\"01447a8\" data-element_type=\"column\" data-e-type=\"column\">\n\t\t\t<div class=\"elementor-widget-wrap elementor-element-populated\">\n\t\t\t\t\t\t<section class=\"elementor-section elementor-inner-section elementor-element elementor-element-bae6b74 elementor-section-boxed elementor-section-height-default elementor-section-height-default\" data-id=\"bae6b74\" data-element_type=\"section\" data-e-type=\"section\">\n\t\t\t\t\t\t<div class=\"elementor-container elementor-column-gap-default\">\n\t\t\t\t\t<div class=\"elementor-column elementor-col-50 elementor-inner-column elementor-element elementor-element-f3447be\" data-id=\"f3447be\" data-element_type=\"column\" data-e-type=\"column\">\n\t\t\t<div class=\"elementor-widget-wrap elementor-element-populated\">\n\t\t\t\t\t\t<div class=\"elementor-element elementor-element-a22a7e6 elementor-widget elementor-widget-image\" data-id=\"a22a7e6\" data-element_type=\"widget\" data-e-type=\"widget\" data-widget_type=\"image.default\">\n\t\t\t\t<div class=\"elementor-widget-container\">\n\t\t\t\t\t\t\t\t\t\t\t\t\t\t\t\t<a href=\"https:\/\/funiparts.ch\/wp-content\/uploads\/2022\/09\/cropped-FUniparts_logo_final.png\" data-elementor-open-lightbox=\"yes\" data-elementor-lightbox-title=\"cropped-FUniparts_logo_final.png\" data-elementor-lightbox-description=\"https:\/\/funiparts.ch\/wp-content\/uploads\/2022\/09\/cropped-FUniparts_logo_final.png\" data-e-action-hash=\"#elementor-action%3Aaction%3Dlightbox%26settings%3DeyJpZCI6Mjg4NzEsInVybCI6Imh0dHBzOlwvXC9mdW5pcGFydHMuY2hcL3dwLWNvbnRlbnRcL3VwbG9hZHNcLzIwMjJcLzA5XC9jcm9wcGVkLUZVbmlwYXJ0c19sb2dvX2ZpbmFsLnBuZyJ9\">\n\t\t\t\t\t\t\t<img decoding=\"async\" src=\"https:\/\/funiparts.ch\/wp-content\/uploads\/elementor\/thumbs\/cropped-FUniparts_logo_final-pvc6xbak15c8jdb9w2famewjwnq063xobx0e6vonnq.png\" title=\"cropped-FUniparts_logo_final.png\" alt=\"cropped-FUniparts_logo_final.png\" loading=\"lazy\" \/>\t\t\t\t\t\t\t\t<\/a>\n\t\t\t\t\t\t\t\t\t\t\t\t\t\t\t<\/div>\n\t\t\t\t<\/div>\n\t\t\t\t\t<\/div>\n\t\t<\/div>\n\t\t\t\t<div class=\"elementor-column elementor-col-50 elementor-inner-column elementor-element elementor-element-7791897\" data-id=\"7791897\" data-element_type=\"column\" data-e-type=\"column\">\n\t\t\t<div class=\"elementor-widget-wrap elementor-element-populated\">\n\t\t\t\t\t\t<div class=\"elementor-element elementor-element-828918c elementor-widget elementor-widget-text-editor\" data-id=\"828918c\" data-element_type=\"widget\" data-e-type=\"widget\" data-widget_type=\"text-editor.default\">\n\t\t\t\t<div class=\"elementor-widget-container\">\n\t\t\t\t\t\t\t\t\t<div class=\"group w-full text-gray-800 dark:text-gray-100 border-b border-black\/10 dark:border-gray-900\/50 bg-gray-50 dark:bg-[#444654]\"><div class=\"text-base gap-4 md:gap-6 md:max-w-2xl lg:max-w-xl xl:max-w-3xl p-4 md:py-6 flex lg:px-0 m-auto\"><div class=\"relative flex w-[calc(100%-50px)] flex-col gap-1 md:gap-3 lg:w-[calc(100%-115px)]\"><div class=\"flex flex-grow flex-col gap-3\"><div class=\"min-h-[20px] flex flex-col items-start gap-4 whitespace-pre-wrap\"><div class=\"markdown prose w-full break-words dark:prose-invert light\"><p>Cr\u00e9\u00e9e en 1997, la soci\u00e9t\u00e9 FUniparts S\u00e0rl est sp\u00e9cialis\u00e9e dans la vente de produits de nettoyage de qualit\u00e9 sup\u00e9rieure aux entreprises et aux particuliers.<\/p><p>Nous sommes fiers de vous proposer une gamme compl\u00e8te de produits respectueux de l&rsquo;environnement, con\u00e7us pour r\u00e9pondre \u00e0 vos besoins en terme de nettoyage dans diff\u00e9rents domaines tels que les sols, les int\u00e9rieurs, les vitres et murs, les installations sanitaires, les cuisines, l&rsquo;hygi\u00e8ne textile, la restauration, etc.<\/p><p>Depuis 1997, notre soci\u00e9t\u00e9 s&rsquo;est engag\u00e9e \u00e0 offrir des solutions de nettoyage haut de gamme aux entreprises et institutions. Nos clients sont au centre de nos pr\u00e9occupations et, depuis 2022, FUniparts S\u00e0rl est le partenaire principal de l\u2019entreprise Nettoyages Pikobello S\u00e0rl.<\/p><p><span style=\"font-size: 16px; color: var( --e-global-color-secondary );\">Cette collaboration nous a permis d\u2019ouvrir un catalogue de produits destin\u00e9s aux particuliers qui souhaitent b\u00e9n\u00e9ficier de produits habituellement r\u00e9serv\u00e9s aux professionnels. Nous sommes convaincus que ces produits, qui ont fait leurs preuves aupr\u00e8s de nos clients professionnels, sauront r\u00e9pondre \u00e0 vos besoins de nettoyage \u00e0 domicile.<\/span><\/p><p>Chez FUniparts, l&rsquo;engagement en faveur de l&rsquo;environnement est une priorit\u00e9. C&rsquo;est pourquoi nous avons s\u00e9lectionn\u00e9 des produits de nettoyage respectueux de l&rsquo;environnement, sans compromettre la qualit\u00e9 et l&rsquo;efficacit\u00e9 de nos produits.<\/p><p>Nous nous engageons \u00e0 fournir \u00e0 nos clients des produits de nettoyage de qualit\u00e9 sup\u00e9rieure, associ\u00e9s \u00e0 un service client\u00e8le exceptionnel. Nous sommes convaincus que nos produits et notre expertise en mati\u00e8re de nettoyage contribueront \u00e0 am\u00e9liorer la qualit\u00e9 de vie de nos clients et de notre environnement.<\/p><p>Explorez notre gamme de produits de nettoyage d\u00e8s maintenant et contactez-nous si vous avez besoin d&rsquo;aide ou de conseils pour choisir les produits les plus adapt\u00e9s \u00e0 vos besoins sp\u00e9cifiques. Nous sommes l\u00e0 pour vous aider \u00e0 obtenir un r\u00e9sultat de nettoyage optimal.<\/p><\/div><\/div><\/div><\/div><\/div><\/div>\t\t\t\t\t\t\t\t<\/div>\n\t\t\t\t<\/div>\n\t\t\t\t\t<\/div>\n\t\t<\/div>\n\t\t\t\t\t<\/div>\n\t\t<\/section>\n\t\t\t\t<section class=\"elementor-section elementor-inner-section elementor-element elementor-element-870b343 elementor-section-boxed elementor-section-height-default elementor-section-height-default\" data-id=\"870b343\" data-element_type=\"section\" data-e-type=\"section\">\n\t\t\t\t\t\t<div class=\"elementor-container elementor-column-gap-default\">\n\t\t\t\t\t<div class=\"elementor-column elementor-col-50 elementor-inner-column elementor-element elementor-element-8956c60\" data-id=\"8956c60\" data-element_type=\"column\" data-e-type=\"column\">\n\t\t\t<div class=\"elementor-widget-wrap elementor-element-populated\">\n\t\t\t\t\t\t<div class=\"elementor-element elementor-element-08ab7ec elementor-widget elementor-widget-image\" data-id=\"08ab7ec\" data-element_type=\"widget\" data-e-type=\"widget\" data-widget_type=\"image.default\">\n\t\t\t\t<div class=\"elementor-widget-container\">\n\t\t\t\t\t\t\t\t\t\t\t\t\t\t\t\t<a href=\"https:\/\/funiparts.ch\/wp-content\/uploads\/2023\/04\/logopikobello.png\" data-elementor-open-lightbox=\"yes\" data-elementor-lightbox-title=\"logopikobello\" data-e-action-hash=\"#elementor-action%3Aaction%3Dlightbox%26settings%3DeyJpZCI6Mjk0MDAsInVybCI6Imh0dHBzOlwvXC9mdW5pcGFydHMuY2hcL3dwLWNvbnRlbnRcL3VwbG9hZHNcLzIwMjNcLzA0XC9sb2dvcGlrb2JlbGxvLnBuZyJ9\">\n\t\t\t\t\t\t\t<img decoding=\"async\" src=\"https:\/\/funiparts.ch\/wp-content\/uploads\/elementor\/thumbs\/logopikobello-q56nvfty099khhpoupeomwms3gjr84rshq98ovfnvc.png\" title=\"logopikobello\" alt=\"logopikobello\" loading=\"lazy\" \/>\t\t\t\t\t\t\t\t<\/a>\n\t\t\t\t\t\t\t\t\t\t\t\t\t\t\t<\/div>\n\t\t\t\t<\/div>\n\t\t\t\t\t<\/div>\n\t\t<\/div>\n\t\t\t\t<div class=\"elementor-column elementor-col-50 elementor-inner-column elementor-element elementor-element-76ff809\" data-id=\"76ff809\" data-element_type=\"column\" data-e-type=\"column\">\n\t\t\t<div class=\"elementor-widget-wrap elementor-element-populated\">\n\t\t\t\t\t\t<div class=\"elementor-element elementor-element-ce21c88 elementor-widget elementor-widget-text-editor\" data-id=\"ce21c88\" data-element_type=\"widget\" data-e-type=\"widget\" data-widget_type=\"text-editor.default\">\n\t\t\t\t<div class=\"elementor-widget-container\">\n\t\t\t\t\t\t\t\t\t<div class=\"group w-full text-gray-800 dark:text-gray-100 border-b border-black\/10 dark:border-gray-900\/50 bg-gray-50 dark:bg-[#444654]\"><div class=\"text-base gap-4 md:gap-6 md:max-w-2xl lg:max-w-xl xl:max-w-3xl p-4 md:py-6 flex lg:px-0 m-auto\"><div class=\"relative flex w-[calc(100%-50px)] flex-col gap-1 md:gap-3 lg:w-[calc(100%-115px)]\"><div class=\"flex flex-grow flex-col gap-3\"><div class=\"min-h-[20px] flex flex-col items-start gap-4 whitespace-pre-wrap\"><div class=\"markdown prose w-full break-words dark:prose-invert light\"><p><span style=\"font-size: 16px; color: var( --e-global-color-secondary );\">Nettoyages Pikobello S\u00e0rl est une entreprise de nettoyage active dans la r\u00e9gion des Trois-Lacs et dans le Vallon de St-Imier. <\/span><span style=\"font-size: 16px; color: var( --e-global-color-secondary ); text-decoration: underline;\"><a href=\"https:\/\/pikobello.ch\" target=\"_blank\" rel=\"noopener\">Acc\u00e9der au site<\/a><\/span><\/p><p>\u00a0<\/p><\/div><\/div><\/div><\/div><\/div><\/div>\t\t\t\t\t\t\t\t<\/div>\n\t\t\t\t<\/div>\n\t\t\t\t\t<\/div>\n\t\t<\/div>\n\t\t\t\t\t<\/div>\n\t\t<\/section>\n\t\t\t\t\t<\/div>\n\t\t<\/div>\n\t\t\t\t\t<\/div>\n\t\t<\/section>\n\t\t\t\t<\/div>\n\t\t","protected":false},"excerpt":{"rendered":"<p>\u2022 \u00c0 propos \u2022 Cr\u00e9\u00e9e en 1997, la soci\u00e9t\u00e9 FUniparts S\u00e0rl est sp\u00e9cialis\u00e9e dans la vente de produits de nettoyage de qualit\u00e9 sup\u00e9rieure aux entreprises et aux particuliers. Nous sommes fiers de vous proposer une gamme compl\u00e8te de produits respectueux de l&rsquo;environnement, con\u00e7us pour r\u00e9pondre \u00e0 vos besoins en terme de nettoyage dans diff\u00e9rents domaines [&hellip;]<\/p>\n","protected":false},"author":1,"featured_media":0,"parent":0,"menu_order":0,"comment_status":"closed","ping_status":"closed","template":"","meta":{"ocean_post_layout":"full-screen","ocean_both_sidebars_style":"","ocean_both_sidebars_content_width":0,"ocean_both_sidebars_sidebars_width":0,"ocean_sidebar":"0","ocean_second_sidebar":"0","ocean_disable_margins":"enable","ocean_add_body_class":"","ocean_shortcode_before_top_bar":"","ocean_shortcode_after_top_bar":"","ocean_shortcode_before_header":"","ocean_shortcode_after_header":"","ocean_has_shortcode":"","ocean_shortcode_after_title":"","ocean_shortcode_before_footer_widgets":"","ocean_shortcode_after_footer_widgets":"","ocean_shortcode_before_footer_bottom":"","ocean_shortcode_after_footer_bottom":"","ocean_display_top_bar":"off","ocean_display_header":"default","ocean_header_style":"","ocean_center_header_left_menu":"0","ocean_custom_header_template":"0","ocean_custom_logo":0,"ocean_custom_retina_logo":0,"ocean_custom_logo_max_width":0,"ocean_custom_logo_tablet_max_width":0,"ocean_custom_logo_mobile_max_width":0,"ocean_custom_logo_max_height":0,"ocean_custom_logo_tablet_max_height":0,"ocean_custom_logo_mobile_max_height":0,"ocean_header_custom_menu":"0","ocean_menu_typo_font_family":"0","ocean_menu_typo_font_subset":"","ocean_menu_typo_font_size":0,"ocean_menu_typo_font_size_tablet":0,"ocean_menu_typo_font_size_mobile":0,"ocean_menu_typo_font_size_unit":"px","ocean_menu_typo_font_weight":"","ocean_menu_typo_font_weight_tablet":"","ocean_menu_typo_font_weight_mobile":"","ocean_menu_typo_transform":"","ocean_menu_typo_transform_tablet":"","ocean_menu_typo_transform_mobile":"","ocean_menu_typo_line_height":0,"ocean_menu_typo_line_height_tablet":0,"ocean_menu_typo_line_height_mobile":0,"ocean_menu_typo_line_height_unit":"","ocean_menu_typo_spacing":0,"ocean_menu_typo_spacing_tablet":0,"ocean_menu_typo_spacing_mobile":0,"ocean_menu_typo_spacing_unit":"","ocean_menu_link_color":"","ocean_menu_link_color_hover":"","ocean_menu_link_color_active":"","ocean_menu_link_background":"","ocean_menu_link_hover_background":"","ocean_menu_link_active_background":"","ocean_menu_social_links_bg":"","ocean_menu_social_hover_links_bg":"","ocean_menu_social_links_color":"","ocean_menu_social_hover_links_color":"","ocean_disable_title":"on","ocean_disable_heading":"default","ocean_post_title":"","ocean_post_subheading":"","ocean_post_title_style":"","ocean_post_title_background_color":"","ocean_post_title_background":0,"ocean_post_title_bg_image_position":"","ocean_post_title_bg_image_attachment":"","ocean_post_title_bg_image_repeat":"","ocean_post_title_bg_image_size":"","ocean_post_title_height":0,"ocean_post_title_bg_overlay":0.5,"ocean_post_title_bg_overlay_color":"","ocean_disable_breadcrumbs":"default","ocean_breadcrumbs_color":"","ocean_breadcrumbs_separator_color":"","ocean_breadcrumbs_links_color":"","ocean_breadcrumbs_links_hover_color":"","ocean_display_footer_widgets":"default","ocean_display_footer_bottom":"off","ocean_custom_footer_template":"0","footnotes":""},"class_list":["post-29432","page","type-page","status-publish","hentry","entry"],"_links":{"self":[{"href":"https:\/\/funiparts.ch\/fr\/wp-json\/wp\/v2\/pages\/29432","targetHints":{"allow":["GET"]}}],"collection":[{"href":"https:\/\/funiparts.ch\/fr\/wp-json\/wp\/v2\/pages"}],"about":[{"href":"https:\/\/funiparts.ch\/fr\/wp-json\/wp\/v2\/types\/page"}],"author":[{"embeddable":true,"href":"https:\/\/funiparts.ch\/fr\/wp-json\/wp\/v2\/users\/1"}],"replies":[{"embeddable":true,"href":"https:\/\/funiparts.ch\/fr\/wp-json\/wp\/v2\/comments?post=29432"}],"version-history":[{"count":19,"href":"https:\/\/funiparts.ch\/fr\/wp-json\/wp\/v2\/pages\/29432\/revisions"}],"predecessor-version":[{"id":29518,"href":"https:\/\/funiparts.ch\/fr\/wp-json\/wp\/v2\/pages\/29432\/revisions\/29518"}],"wp:attachment":[{"href":"https:\/\/funiparts.ch\/fr\/wp-json\/wp\/v2\/media?parent=29432"}],"curies":[{"name":"wp","href":"https:\/\/api.w.org\/{rel}","templated":true}]}}